{"id":202,"date":"2024-08-15T17:59:10","date_gmt":"2024-08-15T15:59:10","guid":{"rendered":"https:\/\/lazarhelga.de\/?page_id=202"},"modified":"2026-02-10T13:16:50","modified_gmt":"2026-02-10T12:16:50","slug":"the-centrum-of-the-universe","status":"publish","type":"page","link":"https:\/\/lazarhelga.de\/en\/the-centrum-of-the-universe\/","title":{"rendered":"THE CENTRUM OF THE UNIVERSE"},"content":{"rendered":"\n<p class=\"has-text-align-center has-text-color has-link-color wp-elements-017034a5d8d9a79eaff942a0bfc031f4\" style=\"color:#e4e4e4;font-size:22px\"><strong>\/ KOST\u00dcM \/<\/strong><\/p>\n\n\n\n<p class=\"has-text-color has-link-color wp-elements-6cc12ad67e5842b1712cd641fc6c9e61\" style=\"color:#e4e4e4\"><br><strong>REGIE<\/strong>: Lilla Kizlinger<br><strong>FILMPREMIERE<\/strong>: 2023, Friss H\u00fas Festival, Budapest<br><br><strong>Ein visueller Kurzfilm \/ Kost\u00fcmprojekt \u00fcber Identit\u00e4t und Selbstfindung, das die Grenzbewegung zwischen innerer Welt und gesellschaftlicher Selbstbestimmung inszeniert.\u00a0<\/strong><br><br>&#8222;Viola ist ein junges M\u00e4dchen, das unerwartet erfolgreich geworden ist und versucht, ihre Weiblichkeit in ihrer Beziehung zu finden, aber eine zuf\u00e4llige Begegnung mit einer nicht-bin\u00e4ren Person macht ihr klar, dass sie den ganzen Weg \u00fcber auf dem falschen Weg war.&#8220;<\/p>\n\n\n\n<p class=\"has-text-align-center has-text-color has-link-color has-small-font-size wp-elements-b6f5b904586585fb91f706fdc5dab84d\" style=\"color:#e4e4e4\"><br>&#8211; FOTOS VON DAMI\u00c1N CANTEROS &#8211;<\/p>\n\n\n<div class='white' style='border-radius:0px; padding:0px 0px 0px 0px;'>\n<div id='Slider_471' class='owl-carousel sa_owl_theme owl-pagination-true' data-slider-id='Slider_471' style='visibility:hidden;'>\n<div id='Slider_471_slide01' class='sa_hover_container' style='padding:5px 5px; margin:0px 0%; '><style>.SliderButton1{background:rgb(43, 43, 43) !important;color:rgb(43, 43, 43) !important}.SliderButton1:hover{background:rgb(43, 43, 43)!important;color:rgb(43, 43, 43)!important}<\/style><div class='textContainer'><p><img loading=\"lazy\" decoding=\"async\" class=\"alignnone wp-image-282 size-large\" title=\"Foto: Dami\u00e1n Canteros\" src=\"https:\/\/lazarhelga.de\/wp-content\/uploads\/2024\/08\/Kicsi03-3-1024x683.jpg\" alt=\"Foto: Dami\u00e1n Canteros\" width=\"880\" height=\"587\" srcset=\"https:\/\/lazarhelga.de\/wp-content\/uploads\/2024\/08\/Kicsi03-3-1024x683.jpg 1024w, https:\/\/lazarhelga.de\/wp-content\/uploads\/2024\/08\/Kicsi03-3-300x200.jpg 300w, https:\/\/lazarhelga.de\/wp-content\/uploads\/2024\/08\/Kicsi03-3-768x512.jpg 768w, https:\/\/lazarhelga.de\/wp-content\/uploads\/2024\/08\/Kicsi03-3-1536x1024.jpg 1536w, https:\/\/lazarhelga.de\/wp-content\/uploads\/2024\/08\/Kicsi03-3-507x338.jpg 507w, https:\/\/lazarhelga.de\/wp-content\/uploads\/2024\/08\/Kicsi03-3.jpg 1599w\" sizes=\"auto, (max-width: 880px) 100vw, 880px\" \/><\/p><\/div><div><a href=' '  type='button'   target='_blank' class='btn SliderButton1'><\/a><\/div><\/div>\n<div id='Slider_471_slide02' class='sa_hover_container' style='padding:5px 5px; margin:0px 0%; '><style>.SliderButton2{background:rgb(43, 43, 43) !important;color:rgb(43, 43, 43) !important}.SliderButton2:hover{background:rgb(43, 43, 43)!important;color:rgb(43, 43, 43)!important}<\/style><div class='textContainer'><p style=\"padding-left: 80px\"><img loading=\"lazy\" decoding=\"async\" class=\"wp-image-283 aligncenter\" title=\"Foto: Dami\u00e1n Canteros\" src=\"https:\/\/lazarhelga.de\/wp-content\/uploads\/2024\/08\/Kicsi01-3-820x1024.jpg\" alt=\"Foto: Dami\u00e1n Canteros\" width=\"705\" height=\"881\" srcset=\"https:\/\/lazarhelga.de\/wp-content\/uploads\/2024\/08\/Kicsi01-3-820x1024.jpg 820w, https:\/\/lazarhelga.de\/wp-content\/uploads\/2024\/08\/Kicsi01-3-240x300.jpg 240w, https:\/\/lazarhelga.de\/wp-content\/uploads\/2024\/08\/Kicsi01-3-768x960.jpg 768w, https:\/\/lazarhelga.de\/wp-content\/uploads\/2024\/08\/Kicsi01-3.jpg 1066w\" sizes=\"auto, (max-width: 705px) 100vw, 705px\" \/><\/p>\r\n<p style=\"text-align: center\">\u00a0 \u00a0\u00a0<\/p><\/div><div><a href=' '  type='button'   target='_blank' class='btn SliderButton2'><\/a><\/div><\/div>\n<div id='Slider_471_slide03' class='sa_hover_container' style='padding:5px 5px; margin:0px 0%; '><style>.SliderButton3{background:rgb(5, 15, 45) !important;color:rgb(5, 15, 45) !important}.SliderButton3:hover{background:rgb(5, 15, 45)!important;color:rgb(5, 15, 45)!important}<\/style><div class='textContainer'><p style=\"padding-left: 80px\"><img loading=\"lazy\" decoding=\"async\" class=\"aligncenter wp-image-281\" title=\"Foto: Dami\u00e1n Canteros\" src=\"https:\/\/lazarhelga.de\/wp-content\/uploads\/2024\/08\/kicsi2.jpg\" alt=\"Foto: Dami\u00e1n Canteros\" width=\"705\" height=\"882\" srcset=\"https:\/\/lazarhelga.de\/wp-content\/uploads\/2024\/08\/kicsi2.jpg 1066w, https:\/\/lazarhelga.de\/wp-content\/uploads\/2024\/08\/kicsi2-240x300.jpg 240w, https:\/\/lazarhelga.de\/wp-content\/uploads\/2024\/08\/kicsi2-819x1024.jpg 819w, https:\/\/lazarhelga.de\/wp-content\/uploads\/2024\/08\/kicsi2-768x960.jpg 768w\" sizes=\"auto, (max-width: 705px) 100vw, 705px\" \/><\/p><\/div><div><a href=' '  type='button'   target='_blank' class='btn SliderButton3'><\/a><\/div><\/div>\n<\/div>\n<\/div>\n<script type='text\/javascript'>\n\tjQuery(document).ready(function() {\n\t\tjQuery('#Slider_471').owlCarousel({\n\t\t\titems : 1,\n\t\t\tsmartSpeed : 200,\n\t\t\tautoplay : true,\n\t\t\tautoplayTimeout : 10000,\n\t\t\tautoplayHoverPause : true,\n\t\t\tsmartSpeed : 200,\n\t\t\tfluidSpeed : 200,\n\t\t\tautoplaySpeed : 200,\n\t\t\tnavSpeed : 200,\n\t\t\tdotsSpeed : 200,\n\t\t\tdotsEach : 1,\n\t\t\tloop : true,\n\t\t\tnav : true,\n\t\t\tnavText : ['Previous','Next'],\n\t\t\tdots : true,\n\t\t\tresponsiveRefreshRate : 200,\n\t\t\tslideBy : 1,\n\t\t\tmergeFit : true,\n\t\t\tautoHeight : false,\n\t\t\tmouseDrag : true,\n\t\t\ttouchDrag : true\n\t\t});\n\t\tjQuery('#Slider_471').css('visibility', 'visible');\n\t\tsa_resize_Slider_471();\n\t\twindow.addEventListener('resize', sa_resize_Slider_471);\n\t\tfunction sa_resize_Slider_471() {\n\t\t\tvar min_height = '500';\n\t\t\tvar win_width = jQuery(window).width();\n\t\t\tvar slider_width = jQuery('#Slider_471').width();\n\t\t\tif (win_width < 480) {\n\t\t\t\tvar slide_width = slider_width \/ 480;\n\t\t\t} else if (win_width < 768) {\n\t\t\t\tvar slide_width = slider_width \/ 768;\n\t\t\t} else if (win_width < 980) {\n\t\t\t\tvar slide_width = slider_width \/ 980;\n\t\t\t} else if (win_width < 1200) {\n\t\t\t\tvar slide_width = slider_width \/ 1200;\n\t\t\t} else if (win_width < 1500) {\n\t\t\t\tvar slide_width = slider_width \/ 1500;\n\t\t\t} else {\n\t\t\t\tvar slide_width = slider_width \/ 1800;\n\t\t\t}\n\t\t\tslide_width = Math.round(slide_width);\n\t\t\tvar slide_height = '500';\n\t\t\tif (min_height == 'aspect43') {\n\t\t\t\tslide_height = (slide_width \/ 4) * 3;\t\t\t\tslide_height = Math.round(slide_height)+'px';\n\t\t\t} else if (min_height == 'aspect169') {\n\t\t\t\tslide_height = (slide_width \/ 16) * 9;\t\t\t\tslide_height = Math.round(slide_height)+'px';\n\t\t\t} else {\n\t\t\t\tslide_height = slide_height;\t\t\t\tslide_height = Math.round(slide_height)+'px';\n\t\t\t}\n\t\t\tjQuery('#Slider_471 .owl-item .sa_hover_container').css('min-height', slide_height);\n\t\t}\n\t\tvar owl_goto = jQuery('#Slider_471');\n\t\tjQuery('.Slider_471_goto1').click(function(event){\n\t\t\towl_goto.trigger('to.owl.carousel', 0);\n\t\t});\n\t\tjQuery('.Slider_471_goto2').click(function(event){\n\t\t\towl_goto.trigger('to.owl.carousel', 1);\n\t\t});\n\t\tjQuery('.Slider_471_goto3').click(function(event){\n\t\t\towl_goto.trigger('to.owl.carousel', 2);\n\t\t});\n\t\tvar resize_471 = jQuery('.owl-carousel');\n\t\tresize_471.on('initialized.owl.carousel', function(e) {\n\t\t\tif (typeof(Event) === 'function') {\n\t\t\t\twindow.dispatchEvent(new Event('resize'));\n\t\t\t} else {\n\t\t\t\tvar evt = window.document.createEvent('UIEvents');\n\t\t\t\tevt.initUIEvent('resize', true, false, window, 0);\n\t\t\t\twindow.dispatchEvent(evt);\n\t\t\t}\n\t\t});\n\t});\n<\/script>\n\n","protected":false},"excerpt":{"rendered":"<p>\/ KOST\u00dcM \/ REGIE: Lilla KizlingerFILMPREMIERE: 2023, Friss H\u00fas Festival,<\/p>\n<p><a href=\"https:\/\/lazarhelga.de\/en\/the-centrum-of-the-universe\/\" class=\"more-link\">Continue reading<span class=\"screen-reader-text\">THE CENTRUM OF THE UNIVERSE<\/span><\/a><\/p>","protected":false},"author":1,"featured_media":0,"parent":0,"menu_order":0,"comment_status":"closed","ping_status":"closed","template":"","meta":{"footnotes":""},"class_list":["post-202","page","type-page","status-publish","hentry"],"_links":{"self":[{"href":"https:\/\/lazarhelga.de\/en\/wp-json\/wp\/v2\/pages\/202","targetHints":{"allow":["GET"]}}],"collection":[{"href":"https:\/\/lazarhelga.de\/en\/wp-json\/wp\/v2\/pages"}],"about":[{"href":"https:\/\/lazarhelga.de\/en\/wp-json\/wp\/v2\/types\/page"}],"author":[{"embeddable":true,"href":"https:\/\/lazarhelga.de\/en\/wp-json\/wp\/v2\/users\/1"}],"replies":[{"embeddable":true,"href":"https:\/\/lazarhelga.de\/en\/wp-json\/wp\/v2\/comments?post=202"}],"version-history":[{"count":16,"href":"https:\/\/lazarhelga.de\/en\/wp-json\/wp\/v2\/pages\/202\/revisions"}],"predecessor-version":[{"id":1190,"href":"https:\/\/lazarhelga.de\/en\/wp-json\/wp\/v2\/pages\/202\/revisions\/1190"}],"wp:attachment":[{"href":"https:\/\/lazarhelga.de\/en\/wp-json\/wp\/v2\/media?parent=202"}],"curies":[{"name":"wp","href":"https:\/\/api.w.org\/{rel}","templated":true}]}}