{"id":30,"date":"2024-08-15T12:49:09","date_gmt":"2024-08-15T10:49:09","guid":{"rendered":"https:\/\/lazarhelga.de\/?page_id=30"},"modified":"2024-08-15T16:56:13","modified_gmt":"2024-08-15T14:56:13","slug":"texte","status":"publish","type":"page","link":"https:\/\/lazarhelga.de\/en\/texte\/","title":{"rendered":"TEXTS"},"content":{"rendered":"<p><\/p>\n\n\n\n<p class=\"has-light-gray-color has-text-color has-link-color has-normal-font-size wp-elements-9385c5fe2d592c66ad30e1df7d966b94\"><strong>PUBLIKATION<\/strong><\/p>\n\n\n\n<div class=\"wp-block-group is-vertical is-layout-flex wp-container-core-group-is-layout-8cf370e7 wp-block-group-is-layout-flex\">\n<div class=\"wp-block-columns is-layout-flex wp-container-core-columns-is-layout-9d6595d7 wp-block-columns-is-layout-flex\">\n<div class=\"wp-block-column is-layout-flow wp-block-column-is-layout-flow\" style=\"flex-basis:100%\">\n<figure class=\"wp-block-embed is-type-wp-embed is-provider-theatron wp-block-embed-theatron\"><div class=\"wp-block-embed__wrapper\">\n<blockquote hcb-fetch-image-from=\"https:\/\/theatron.hu\/theatron_cikkek\/figuraszinhaz-formalodo-vizualis-szinhazi-mufaj-a-babszinhaz-a-performansz-es-a-posztdramatikus-szinhaz-keresztmetszeteben\/?fbclid=IwY2xjawEnItZleHRuA2FlbQIxMQABHWM6BeCxufANbwJyZwxdTdHxJPmQ9DzwUbWV4svpc8cbsymF8BatFc05Sw_aem_bTclAATpZ1WjWJfWMbm1KA\" class=\"wp-embedded-content\" data-secret=\"2IxirqCjQi\"><a href=\"https:\/\/theatron.hu\/theatron_cikkek\/figuraszinhaz-formalodo-vizualis-szinhazi-mufaj-a-babszinhaz-a-performansz-es-a-posztdramatikus-szinhaz-keresztmetszeteben\/\">Figurasz\u00ednh\u00e1z \u2013 Form\u00e1l\u00f3d\u00f3 vizu\u00e1lis sz\u00ednh\u00e1zi m\u0171faj a b\u00e1bsz\u00ednh\u00e1z, a performansz \u00e9s a posztdramatikus sz\u00ednh\u00e1z keresztmetszet\u00e9ben<\/a><\/blockquote><iframe loading=\"lazy\" class=\"wp-embedded-content\" sandbox=\"allow-scripts\" security=\"restricted\" style=\"position: absolute; visibility: hidden;\" title=\"&#8220;Figurasz\u00ednh\u00e1z \u2013 Form\u00e1l\u00f3d\u00f3 vizu\u00e1lis sz\u00ednh\u00e1zi m\u0171faj a b\u00e1bsz\u00ednh\u00e1z, a performansz \u00e9s a posztdramatikus sz\u00ednh\u00e1z keresztmetszet\u00e9ben&#8221; &#8212; Theatron\" src=\"https:\/\/theatron.hu\/theatron_cikkek\/figuraszinhaz-formalodo-vizualis-szinhazi-mufaj-a-babszinhaz-a-performansz-es-a-posztdramatikus-szinhaz-keresztmetszeteben\/embed\/#?secret=2IxirqCjQi\" data-secret=\"2IxirqCjQi\" width=\"600\" height=\"338\" frameborder=\"0\" marginwidth=\"0\" marginheight=\"0\" scrolling=\"no\"><\/iframe>\n<\/div><\/figure>\n<\/div>\n<\/div>\n<\/div>\n\n\n\n<p>INTERVIEWS<\/p>\n\n\n\n<figure class=\"wp-block-embed is-type-wp-embed is-provider-szinhaz-net wp-block-embed-szinhaz-net\"><div class=\"wp-block-embed__wrapper\">\n<blockquote hcb-fetch-image-from=\"https:\/\/szinhaz.net\/2022\/05\/17\/folyamatosan-uton-vagyok-kulonbozo-alkotoi-poziciok-es-orszagok-kozott\/?fbclid=IwY2xjawEnKRdleHRuA2FlbQIxMQABHd0OzvNc9Q_uexywVU8zsFfUgHODaedRf5H01Uxu3-1MuMlz5BtMp9NFIQ_aem_0tVjLlR_xnxrBpuYesT0dA\" class=\"wp-embedded-content\" data-secret=\"JCpfXw2G5P\"><a href=\"https:\/\/szinhaz.net\/2022\/05\/17\/folyamatosan-uton-vagyok-kulonbozo-alkotoi-poziciok-es-orszagok-kozott\/\">\u201eFolyamatosan \u00faton vagyok k\u00fcl\u00f6nb\u00f6z\u0151 alkot\u00f3i poz\u00edci\u00f3k \u00e9s orsz\u00e1gok k\u00f6z\u00f6tt.&#8221;<\/a><\/blockquote><iframe loading=\"lazy\" class=\"wp-embedded-content\" sandbox=\"allow-scripts\" security=\"restricted\" style=\"position: absolute; visibility: hidden;\" title=\"&#8220;\u201eFolyamatosan \u00faton vagyok k\u00fcl\u00f6nb\u00f6z\u0151 alkot\u00f3i poz\u00edci\u00f3k \u00e9s orsz\u00e1gok k\u00f6z\u00f6tt.&#8221;&#8221; &#8212; szinhaz.net\" src=\"https:\/\/szinhaz.net\/2022\/05\/17\/folyamatosan-uton-vagyok-kulonbozo-alkotoi-poziciok-es-orszagok-kozott\/embed\/#?secret=i0nNFy0jxh#?secret=JCpfXw2G5P\" data-secret=\"JCpfXw2G5P\" width=\"600\" height=\"338\" frameborder=\"0\" marginwidth=\"0\" marginheight=\"0\" scrolling=\"no\"><\/iframe>\n<\/div><\/figure>\n\n\n\n<figure class=\"wp-block-embed is-type-wp-embed is-provider-papageno wp-block-embed-papageno\"><div class=\"wp-block-embed__wrapper\">\n<blockquote hcb-fetch-image-from=\"https:\/\/papageno.hu\/blogok\/oroszlankormok\/2021\/11\/lazar-helga-elkezdtem-megerkezni\" class=\"wp-embedded-content\" data-secret=\"0oQeRnlS25\"><a href=\"https:\/\/papageno.hu\/blogok\/oroszlankormok\/2021\/11\/lazar-helga-elkezdtem-megerkezni\/\">L\u00e1z\u00e1r Helga: \u201eElkezdtem meg\u00e9rkezni\u201d<\/a><\/blockquote><iframe loading=\"lazy\" class=\"wp-embedded-content\" sandbox=\"allow-scripts\" security=\"restricted\" style=\"position: absolute; visibility: hidden;\" title=\"&#8220;L\u00e1z\u00e1r Helga: \u201eElkezdtem meg\u00e9rkezni\u201d&#8221; &#8212; Papageno\" src=\"https:\/\/papageno.hu\/blogok\/oroszlankormok\/2021\/11\/lazar-helga-elkezdtem-megerkezni\/embed\/#?secret=h896A0kqHI#?secret=0oQeRnlS25\" data-secret=\"0oQeRnlS25\" width=\"600\" height=\"338\" frameborder=\"0\" marginwidth=\"0\" marginheight=\"0\" scrolling=\"no\"><\/iframe>\n<\/div><\/figure>\n\n\n\n<p><a href=\"https:\/\/revizoronline.com\/beszelgetes-lazar-helga-babrendezovel-eloadoval\">https:\/\/revizoronline.com\/beszelgetes-lazar-helga-babrendezovel-eloadoval<\/a><\/p>","protected":false},"excerpt":{"rendered":"<p>PUBLIKATION INTERVIEWS https:\/\/revizoronline.com\/beszelgetes-lazar-helga-babrendezovel-eloadoval<\/p>","protected":false},"author":1,"featured_media":0,"parent":0,"menu_order":0,"comment_status":"closed","ping_status":"closed","template":"","meta":{"footnotes":""},"class_list":["post-30","page","type-page","status-publish","hentry"],"_links":{"self":[{"href":"https:\/\/lazarhelga.de\/en\/wp-json\/wp\/v2\/pages\/30","targetHints":{"allow":["GET"]}}],"collection":[{"href":"https:\/\/lazarhelga.de\/en\/wp-json\/wp\/v2\/pages"}],"about":[{"href":"https:\/\/lazarhelga.de\/en\/wp-json\/wp\/v2\/types\/page"}],"author":[{"embeddable":true,"href":"https:\/\/lazarhelga.de\/en\/wp-json\/wp\/v2\/users\/1"}],"replies":[{"embeddable":true,"href":"https:\/\/lazarhelga.de\/en\/wp-json\/wp\/v2\/comments?post=30"}],"version-history":[{"count":3,"href":"https:\/\/lazarhelga.de\/en\/wp-json\/wp\/v2\/pages\/30\/revisions"}],"predecessor-version":[{"id":142,"href":"https:\/\/lazarhelga.de\/en\/wp-json\/wp\/v2\/pages\/30\/revisions\/142"}],"wp:attachment":[{"href":"https:\/\/lazarhelga.de\/en\/wp-json\/wp\/v2\/media?parent=30"}],"curies":[{"name":"wp","href":"https:\/\/api.w.org\/{rel}","templated":true}]}}