{"id":384,"date":"2024-08-15T21:42:28","date_gmt":"2024-08-15T19:42:28","guid":{"rendered":"https:\/\/lazarhelga.de\/?page_id=384"},"modified":"2024-08-19T16:35:27","modified_gmt":"2024-08-19T14:35:27","slug":"alice-im-wunderland","status":"publish","type":"page","link":"https:\/\/lazarhelga.de\/en\/alice-im-wunderland\/","title":{"rendered":"ALICE IN WONDERLAND"},"content":{"rendered":"\n<p class=\"has-text-align-center has-text-color has-link-color wp-elements-ea031ba582e09afa266e14178ca85d92\" style=\"color:#e4e4e4;font-size:22px\"><strong>\/ REGIE + SZENOGRAFIE \/<\/strong><\/p>\n\n\n\n<p class=\"has-text-color has-link-color wp-elements-cc53b176f4b77261c70cdc5d63b685aa\" style=\"color:#e4e4e4\"><strong>Jugendst\u00fcck<\/strong>.<br><strong>Premiere: <\/strong>2022, \u00d3dry B\u00fchne, Akademie f\u00fcr Theater und Filmkunst Budapest<br><strong>Text:<\/strong> Roland Schimmelpfennig<br><br><strong>Info<\/strong>: <a href=\"https:\/\/szfe.hu\/esemenyek\/alice-csodaorszagban-2\/\">https:\/\/szfe.hu\/esemenyek\/alice-csodaorszagban-2\/<\/a><\/p>\n\n\n<div class='white' style='border-radius:0px; padding:0px 0px 0px 0px;'>\n<div id='Slider_484' class='owl-carousel sa_owl_theme owl-pagination-true' data-slider-id='Slider_484' style='visibility:hidden;'>\n<div id='Slider_484_slide01' class='sa_hover_container' style='padding:5px 5px; margin:0px 0%; '><style>.SliderButton1{background:rgb(43, 43, 43) !important;color:rgb(43, 43, 43) !important}.SliderButton1:hover{background:rgb(43, 43, 43)!important;color:rgb(43, 43, 43)!important}<\/style><div class='textContainer'><p><img loading=\"lazy\" decoding=\"async\" class=\"aligncenter wp-image-234 size-large\" src=\"https:\/\/lazarhelga.de\/wp-content\/uploads\/2024\/08\/kicsi03-1024x683.jpg\" alt=\"\" width=\"880\" height=\"587\" srcset=\"https:\/\/lazarhelga.de\/wp-content\/uploads\/2024\/08\/kicsi03-1024x683.jpg 1024w, https:\/\/lazarhelga.de\/wp-content\/uploads\/2024\/08\/kicsi03-300x200.jpg 300w, https:\/\/lazarhelga.de\/wp-content\/uploads\/2024\/08\/kicsi03-768x512.jpg 768w, https:\/\/lazarhelga.de\/wp-content\/uploads\/2024\/08\/kicsi03-1536x1024.jpg 1536w, https:\/\/lazarhelga.de\/wp-content\/uploads\/2024\/08\/kicsi03-507x338.jpg 507w, https:\/\/lazarhelga.de\/wp-content\/uploads\/2024\/08\/kicsi03.jpg 2048w\" sizes=\"auto, (max-width: 880px) 100vw, 880px\" \/><\/p><\/div><div><a href=' '  type='button'   target='_self' class='btn SliderButton1'><\/a><\/div><\/div>\n<div id='Slider_484_slide02' class='sa_hover_container' style='padding:5px 5px; margin:0px 0%; '><style>.SliderButton2{background:rgb(43, 43, 43) !important;color:rgb(43, 43, 43) !important}.SliderButton2:hover{background:rgb(43, 43, 43)!important;color:rgb(43, 43, 43)!important}<\/style><div class='textContainer'><p><img loading=\"lazy\" decoding=\"async\" class=\"aligncenter wp-image-239 size-large\" src=\"https:\/\/lazarhelga.de\/wp-content\/uploads\/2024\/08\/kicsi08-1024x683.jpg\" alt=\"\" width=\"880\" height=\"587\" srcset=\"https:\/\/lazarhelga.de\/wp-content\/uploads\/2024\/08\/kicsi08-1024x683.jpg 1024w, https:\/\/lazarhelga.de\/wp-content\/uploads\/2024\/08\/kicsi08-300x200.jpg 300w, https:\/\/lazarhelga.de\/wp-content\/uploads\/2024\/08\/kicsi08-768x512.jpg 768w, https:\/\/lazarhelga.de\/wp-content\/uploads\/2024\/08\/kicsi08-1536x1024.jpg 1536w, https:\/\/lazarhelga.de\/wp-content\/uploads\/2024\/08\/kicsi08-507x338.jpg 507w, https:\/\/lazarhelga.de\/wp-content\/uploads\/2024\/08\/kicsi08.jpg 2048w\" sizes=\"auto, (max-width: 880px) 100vw, 880px\" \/><\/p><\/div><div><a href=' '  type='button'   target='_self' class='btn SliderButton2'><\/a><\/div><\/div>\n<div id='Slider_484_slide03' class='sa_hover_container' style='padding:5px 5px; margin:0px 0%; '><style>.SliderButton3{background:rgb(43, 43, 43) !important;color:rgb(43, 43, 43) !important}.SliderButton3:hover{background:rgb(43, 43, 43)!important;color:rgb(43, 43, 43)!important}<\/style><div class='textContainer'><p><img loading=\"lazy\" decoding=\"async\" class=\"aligncenter wp-image-232 size-large\" src=\"https:\/\/lazarhelga.de\/wp-content\/uploads\/2024\/08\/kicsi01-1024x683.jpg\" alt=\"\" width=\"880\" height=\"587\" srcset=\"https:\/\/lazarhelga.de\/wp-content\/uploads\/2024\/08\/kicsi01-1024x683.jpg 1024w, https:\/\/lazarhelga.de\/wp-content\/uploads\/2024\/08\/kicsi01-300x200.jpg 300w, https:\/\/lazarhelga.de\/wp-content\/uploads\/2024\/08\/kicsi01-768x512.jpg 768w, https:\/\/lazarhelga.de\/wp-content\/uploads\/2024\/08\/kicsi01-1536x1024.jpg 1536w, https:\/\/lazarhelga.de\/wp-content\/uploads\/2024\/08\/kicsi01-507x338.jpg 507w, https:\/\/lazarhelga.de\/wp-content\/uploads\/2024\/08\/kicsi01.jpg 2048w\" sizes=\"auto, (max-width: 880px) 100vw, 880px\" \/><\/p><\/div><div><a href=' '  type='button'   target='_self' class='btn SliderButton3'><\/a><\/div><\/div>\n<div id='Slider_484_slide04' class='sa_hover_container' style='padding:5px 5px; margin:0px 0%; '><style>.SliderButton4{background:rgb(43, 43, 43) !important;color:rgb(43, 43, 43) !important}.SliderButton4:hover{background:rgb(43, 43, 43)!important;color:rgb(43, 43, 43)!important}<\/style><div class='textContainer'><p><img loading=\"lazy\" decoding=\"async\" class=\"aligncenter wp-image-238 size-large\" src=\"https:\/\/lazarhelga.de\/wp-content\/uploads\/2024\/08\/kicsi07-1024x683.jpg\" alt=\"\" width=\"880\" height=\"587\" srcset=\"https:\/\/lazarhelga.de\/wp-content\/uploads\/2024\/08\/kicsi07-1024x683.jpg 1024w, https:\/\/lazarhelga.de\/wp-content\/uploads\/2024\/08\/kicsi07-300x200.jpg 300w, https:\/\/lazarhelga.de\/wp-content\/uploads\/2024\/08\/kicsi07-768x512.jpg 768w, https:\/\/lazarhelga.de\/wp-content\/uploads\/2024\/08\/kicsi07-1536x1024.jpg 1536w, https:\/\/lazarhelga.de\/wp-content\/uploads\/2024\/08\/kicsi07-507x338.jpg 507w, https:\/\/lazarhelga.de\/wp-content\/uploads\/2024\/08\/kicsi07.jpg 2048w\" sizes=\"auto, (max-width: 880px) 100vw, 880px\" \/><\/p><\/div><div><a href=' '  type='button'   target='_self' class='btn SliderButton4'><\/a><\/div><\/div>\n<div id='Slider_484_slide05' class='sa_hover_container' style='padding:5px 5px; margin:0px 0%; '><style>.SliderButton5{background:rgb(43, 43, 43) !important;color:rgb(43, 43, 43) !important}.SliderButton5:hover{background:rgb(43, 43, 43)!important;color:rgb(43, 43, 43)!important}<\/style><div class='textContainer'><p><img loading=\"lazy\" decoding=\"async\" class=\"aligncenter wp-image-237 size-large\" src=\"https:\/\/lazarhelga.de\/wp-content\/uploads\/2024\/08\/kicsi06-1024x683.jpg\" alt=\"\" width=\"880\" height=\"587\" srcset=\"https:\/\/lazarhelga.de\/wp-content\/uploads\/2024\/08\/kicsi06-1024x683.jpg 1024w, https:\/\/lazarhelga.de\/wp-content\/uploads\/2024\/08\/kicsi06-300x200.jpg 300w, https:\/\/lazarhelga.de\/wp-content\/uploads\/2024\/08\/kicsi06-768x512.jpg 768w, https:\/\/lazarhelga.de\/wp-content\/uploads\/2024\/08\/kicsi06-1536x1024.jpg 1536w, https:\/\/lazarhelga.de\/wp-content\/uploads\/2024\/08\/kicsi06-507x338.jpg 507w, https:\/\/lazarhelga.de\/wp-content\/uploads\/2024\/08\/kicsi06.jpg 2048w\" sizes=\"auto, (max-width: 880px) 100vw, 880px\" \/><\/p><\/div><div><a href=' '  type='button'   target='_self' class='btn SliderButton5'><\/a><\/div><\/div>\n<div id='Slider_484_slide06' class='sa_hover_container' style='padding:5px 5px; margin:0px 0%; '><style>.SliderButton6{background:rgb(43, 43, 43) !important;color:rgb(43, 43, 43) !important}.SliderButton6:hover{background:rgb(43, 43, 43)!important;color:rgb(43, 43, 43)!important}<\/style><div class='textContainer'><p><img loading=\"lazy\" decoding=\"async\" class=\"aligncenter wp-image-236 size-large\" src=\"https:\/\/lazarhelga.de\/wp-content\/uploads\/2024\/08\/kicsi05-1024x683.jpg\" alt=\"\" width=\"880\" height=\"587\" srcset=\"https:\/\/lazarhelga.de\/wp-content\/uploads\/2024\/08\/kicsi05-1024x683.jpg 1024w, https:\/\/lazarhelga.de\/wp-content\/uploads\/2024\/08\/kicsi05-300x200.jpg 300w, https:\/\/lazarhelga.de\/wp-content\/uploads\/2024\/08\/kicsi05-768x512.jpg 768w, https:\/\/lazarhelga.de\/wp-content\/uploads\/2024\/08\/kicsi05-1536x1024.jpg 1536w, https:\/\/lazarhelga.de\/wp-content\/uploads\/2024\/08\/kicsi05-507x338.jpg 507w, https:\/\/lazarhelga.de\/wp-content\/uploads\/2024\/08\/kicsi05.jpg 2048w\" sizes=\"auto, (max-width: 880px) 100vw, 880px\" \/><\/p><\/div><div><a href=' '  type='button'   target='_self' class='btn SliderButton6'><\/a><\/div><\/div>\n<div id='Slider_484_slide07' class='sa_hover_container' style='padding:5px 5px; margin:0px 0%; '><style>.SliderButton7{background:rgb(43, 43, 43) !important;color:rgb(43, 43, 43) !important}.SliderButton7:hover{background:rgb(43, 43, 43)!important;color:rgb(43, 43, 43)!important}<\/style><div class='textContainer'><p><img loading=\"lazy\" decoding=\"async\" class=\"aligncenter wp-image-233 size-full\" src=\"https:\/\/lazarhelga.de\/wp-content\/uploads\/2024\/08\/kicsi02.jpg\" alt=\"\" width=\"2048\" height=\"1365\" srcset=\"https:\/\/lazarhelga.de\/wp-content\/uploads\/2024\/08\/kicsi02.jpg 2048w, https:\/\/lazarhelga.de\/wp-content\/uploads\/2024\/08\/kicsi02-300x200.jpg 300w, https:\/\/lazarhelga.de\/wp-content\/uploads\/2024\/08\/kicsi02-1024x683.jpg 1024w, https:\/\/lazarhelga.de\/wp-content\/uploads\/2024\/08\/kicsi02-768x512.jpg 768w, https:\/\/lazarhelga.de\/wp-content\/uploads\/2024\/08\/kicsi02-1536x1024.jpg 1536w, https:\/\/lazarhelga.de\/wp-content\/uploads\/2024\/08\/kicsi02-507x338.jpg 507w\" sizes=\"auto, (max-width: 2048px) 100vw, 2048px\" \/><\/p><\/div><div><a href=' '  type='button'   target='_self' class='btn SliderButton7'><\/a><\/div><\/div>\n<\/div>\n<\/div>\n<script type='text\/javascript'>\n\tjQuery(document).ready(function() {\n\t\tjQuery('#Slider_484').owlCarousel({\n\t\t\titems : 1,\n\t\t\tsmartSpeed : 200,\n\t\t\tautoplay : true,\n\t\t\tautoplayTimeout : 10000,\n\t\t\tautoplayHoverPause : true,\n\t\t\tsmartSpeed : 200,\n\t\t\tfluidSpeed : 200,\n\t\t\tautoplaySpeed : 200,\n\t\t\tnavSpeed : 200,\n\t\t\tdotsSpeed : 200,\n\t\t\tdotsEach : 1,\n\t\t\tloop : true,\n\t\t\tnav : true,\n\t\t\tnavText : ['Previous','Next'],\n\t\t\tdots : true,\n\t\t\tresponsiveRefreshRate : 200,\n\t\t\tslideBy : 1,\n\t\t\tmergeFit : true,\n\t\t\tautoHeight : false,\n\t\t\tmouseDrag : true,\n\t\t\ttouchDrag : true\n\t\t});\n\t\tjQuery('#Slider_484').css('visibility', 'visible');\n\t\tsa_resize_Slider_484();\n\t\twindow.addEventListener('resize', sa_resize_Slider_484);\n\t\tfunction sa_resize_Slider_484() {\n\t\t\tvar min_height = '500';\n\t\t\tvar win_width = jQuery(window).width();\n\t\t\tvar slider_width = jQuery('#Slider_484').width();\n\t\t\tif (win_width < 480) {\n\t\t\t\tvar slide_width = slider_width \/ 480;\n\t\t\t} else if (win_width < 768) {\n\t\t\t\tvar slide_width = slider_width \/ 768;\n\t\t\t} else if (win_width < 980) {\n\t\t\t\tvar slide_width = slider_width \/ 980;\n\t\t\t} else if (win_width < 1200) {\n\t\t\t\tvar slide_width = slider_width \/ 1200;\n\t\t\t} else if (win_width < 1500) {\n\t\t\t\tvar slide_width = slider_width \/ 1500;\n\t\t\t} else {\n\t\t\t\tvar slide_width = slider_width \/ 1800;\n\t\t\t}\n\t\t\tslide_width = Math.round(slide_width);\n\t\t\tvar slide_height = '500';\n\t\t\tif (min_height == 'aspect43') {\n\t\t\t\tslide_height = (slide_width \/ 4) * 3;\t\t\t\tslide_height = Math.round(slide_height)+'px';\n\t\t\t} else if (min_height == 'aspect169') {\n\t\t\t\tslide_height = (slide_width \/ 16) * 9;\t\t\t\tslide_height = Math.round(slide_height)+'px';\n\t\t\t} else {\n\t\t\t\tslide_height = slide_height;\t\t\t\tslide_height = Math.round(slide_height)+'px';\n\t\t\t}\n\t\t\tjQuery('#Slider_484 .owl-item .sa_hover_container').css('min-height', slide_height);\n\t\t}\n\t\tvar owl_goto = jQuery('#Slider_484');\n\t\tjQuery('.Slider_484_goto1').click(function(event){\n\t\t\towl_goto.trigger('to.owl.carousel', 0);\n\t\t});\n\t\tjQuery('.Slider_484_goto2').click(function(event){\n\t\t\towl_goto.trigger('to.owl.carousel', 1);\n\t\t});\n\t\tjQuery('.Slider_484_goto3').click(function(event){\n\t\t\towl_goto.trigger('to.owl.carousel', 2);\n\t\t});\n\t\tjQuery('.Slider_484_goto4').click(function(event){\n\t\t\towl_goto.trigger('to.owl.carousel', 3);\n\t\t});\n\t\tjQuery('.Slider_484_goto5').click(function(event){\n\t\t\towl_goto.trigger('to.owl.carousel', 4);\n\t\t});\n\t\tjQuery('.Slider_484_goto6').click(function(event){\n\t\t\towl_goto.trigger('to.owl.carousel', 5);\n\t\t});\n\t\tjQuery('.Slider_484_goto7').click(function(event){\n\t\t\towl_goto.trigger('to.owl.carousel', 6);\n\t\t});\n\t\tvar resize_484 = jQuery('.owl-carousel');\n\t\tresize_484.on('initialized.owl.carousel', function(e) {\n\t\t\tif (typeof(Event) === 'function') {\n\t\t\t\twindow.dispatchEvent(new Event('resize'));\n\t\t\t} else {\n\t\t\t\tvar evt = window.document.createEvent('UIEvents');\n\t\t\t\tevt.initUIEvent('resize', true, false, window, 0);\n\t\t\t\twindow.dispatchEvent(evt);\n\t\t\t}\n\t\t});\n\t});\n<\/script>\n\n","protected":false},"excerpt":{"rendered":"<p>\/ REGIE + SZENOGRAFIE \/ Jugendst\u00fcck.Premiere: 2022, \u00d3dry B\u00fchne, Akademie<\/p>\n<p><a href=\"https:\/\/lazarhelga.de\/en\/alice-im-wunderland\/\" class=\"more-link\">Continue reading<span class=\"screen-reader-text\">ALICE IN WONDERLAND<\/span><\/a><\/p>","protected":false},"author":1,"featured_media":0,"parent":0,"menu_order":0,"comment_status":"closed","ping_status":"closed","template":"","meta":{"footnotes":""},"class_list":["post-384","page","type-page","status-publish","hentry"],"_links":{"self":[{"href":"https:\/\/lazarhelga.de\/en\/wp-json\/wp\/v2\/pages\/384","targetHints":{"allow":["GET"]}}],"collection":[{"href":"https:\/\/lazarhelga.de\/en\/wp-json\/wp\/v2\/pages"}],"about":[{"href":"https:\/\/lazarhelga.de\/en\/wp-json\/wp\/v2\/types\/page"}],"author":[{"embeddable":true,"href":"https:\/\/lazarhelga.de\/en\/wp-json\/wp\/v2\/users\/1"}],"replies":[{"embeddable":true,"href":"https:\/\/lazarhelga.de\/en\/wp-json\/wp\/v2\/comments?post=384"}],"version-history":[{"count":10,"href":"https:\/\/lazarhelga.de\/en\/wp-json\/wp\/v2\/pages\/384\/revisions"}],"predecessor-version":[{"id":757,"href":"https:\/\/lazarhelga.de\/en\/wp-json\/wp\/v2\/pages\/384\/revisions\/757"}],"wp:attachment":[{"href":"https:\/\/lazarhelga.de\/en\/wp-json\/wp\/v2\/media?parent=384"}],"curies":[{"name":"wp","href":"https:\/\/api.w.org\/{rel}","templated":true}]}}